{"id":347,"date":"2025-10-08T10:09:17","date_gmt":"2025-10-08T10:09:17","guid":{"rendered":"https:\/\/gemmaballestar.com\/?page_id=347"},"modified":"2025-11-18T08:21:49","modified_gmt":"2025-11-18T08:21:49","slug":"contacto","status":"publish","type":"page","link":"http:\/\/gemmaballestar.com\/es\/contacto\/","title":{"rendered":"Contacto"},"content":{"rendered":"<style>.kb-row-layout-id347_3e1867-f7 > .kt-row-column-wrap{align-content:start;}:where(.kb-row-layout-id347_3e1867-f7 > .kt-row-column-wrap) > .wp-block-kadence-column{justify-content:start;}.kb-row-layout-id347_3e1867-f7 > .kt-row-column-wrap{column-gap:var(--global-kb-gap-md, 2rem);row-gap:var(--global-kb-gap-md, 2rem);max-width:1280px;margin-left:auto;margin-right:auto;padding-top:80px;padding-bottom:80px;grid-template-columns:minmax(0, calc(85% - ((var(--global-kb-gap-md, 2rem) * 1 )\/2)))minmax(0, calc(15% - ((var(--global-kb-gap-md, 2rem) * 1 )\/2)));}.kb-row-layout-id347_3e1867-f7{background-color:#c4d7d1;}.kb-row-layout-id347_3e1867-f7 > .kt-row-layout-overlay{opacity:0.30;}@media all and (max-width: 1024px){.kb-row-layout-id347_3e1867-f7 > .kt-row-column-wrap{grid-template-columns:minmax(0, 2fr) minmax(0, 1fr);}}@media all and (max-width: 767px){.kb-row-layout-id347_3e1867-f7 > .kt-row-column-wrap{grid-template-columns:minmax(0, 1fr);}}<\/style><div class=\"kb-row-layout-wrap kb-row-layout-id347_3e1867-f7 alignfull kt-row-has-bg header_inside_01 wp-block-kadence-rowlayout\"><div class=\"kt-row-column-wrap kt-has-2-columns kt-row-layout-left-golden kt-tab-layout-inherit kt-mobile-layout-row kt-row-valign-top\">\n<style>.kadence-column347_268820-76 > .kt-inside-inner-col,.kadence-column347_268820-76 > .kt-inside-inner-col:before{border-top-left-radius:0px;border-top-right-radius:0px;border-bottom-right-radius:0px;border-bottom-left-radius:0px;}.kadence-column347_268820-76 > .kt-inside-inner-col{column-gap:var(--global-kb-gap-sm, 1rem);}.kadence-column347_268820-76 > .kt-inside-inner-col{flex-direction:column;}.kadence-column347_268820-76 > .kt-inside-inner-col > .aligncenter{width:100%;}.kadence-column347_268820-76 > .kt-inside-inner-col:before{opacity:0.3;}.kadence-column347_268820-76{position:relative;}@media all and (max-width: 1024px){.kadence-column347_268820-76 > .kt-inside-inner-col{flex-direction:column;justify-content:center;}}@media all and (max-width: 767px){.kadence-column347_268820-76 > .kt-inside-inner-col{flex-direction:column;justify-content:center;}}<\/style>\n<div class=\"wp-block-kadence-column kadence-column347_268820-76\"><div class=\"kt-inside-inner-col\">\n<h1 class=\"wp-block-heading\">Contacto<\/h1>\n\n\n\n<h2 class=\"wp-block-heading line_title animated fadeIn slow\">Gemma Ballestar i Sempere<\/h2>\n\n\n\n<p class=\"animated fadeIn delay-1s slower\">Si tiene alguna consulta, puede escribirme a trav\u00e9s del formulario o contactarme por tel\u00e9fono, correo electr\u00f3nico o presencialmente en la <a href=\"https:\/\/arizagaballestar.com\/\" target=\"_blank\" rel=\"noreferrer noopener\">Cl\u00ednica Arizaga Ballestar<\/a>. Estar\u00e9 encantada de atenderte.<\/p>\n<\/div><\/div>\n\n\n<style>.kadence-column347_f84dc9-c1 > .kt-inside-inner-col,.kadence-column347_f84dc9-c1 > .kt-inside-inner-col:before{border-top-left-radius:0px;border-top-right-radius:0px;border-bottom-right-radius:0px;border-bottom-left-radius:0px;}.kadence-column347_f84dc9-c1 > .kt-inside-inner-col{column-gap:var(--global-kb-gap-sm, 1rem);}.kadence-column347_f84dc9-c1 > .kt-inside-inner-col{flex-direction:column;}.kadence-column347_f84dc9-c1 > .kt-inside-inner-col > .aligncenter{width:100%;}.kadence-column347_f84dc9-c1 > .kt-inside-inner-col:before{opacity:0.3;}.kadence-column347_f84dc9-c1{position:relative;}@media all and (max-width: 1024px){.kadence-column347_f84dc9-c1 > .kt-inside-inner-col{flex-direction:column;justify-content:center;}}@media all and (max-width: 767px){.kadence-column347_f84dc9-c1 > .kt-inside-inner-col{flex-direction:column;justify-content:center;}}<\/style>\n<div class=\"wp-block-kadence-column kadence-column347_f84dc9-c1\"><div class=\"kt-inside-inner-col\"><\/div><\/div>\n\n<\/div><\/div>\n\n<style>.kb-row-layout-id347_bc0a6f-30 > .kt-row-column-wrap{align-content:start;}:where(.kb-row-layout-id347_bc0a6f-30 > .kt-row-column-wrap) > .wp-block-kadence-column{justify-content:start;}.kb-row-layout-id347_bc0a6f-30 > .kt-row-column-wrap{column-gap:var(--global-kb-gap-md, 2rem);row-gap:var(--global-kb-gap-md, 2rem);max-width:1280px;margin-left:auto;margin-right:auto;padding-top:0px;padding-bottom:0px;min-height:680px;grid-template-columns:repeat(2, minmax(0, 1fr));}.kb-row-layout-id347_bc0a6f-30{border-bottom:2px solid #f4d1c3;}.kb-row-layout-id347_bc0a6f-30{background-color:#385862;background-image:url('http:\/\/gemmaballestar.com\/wp-content\/uploads\/2025\/10\/bg_contact-scaled.webp');background-size:cover;background-position:50% 75%;background-attachment:scroll;background-repeat:no-repeat;}.kb-row-layout-id347_bc0a6f-30 > .kt-row-layout-overlay{opacity:1;background-image:url('http:\/\/gemmaballestar.com\/wp-content\/uploads\/2025\/10\/heart_line_home_04-1.svg');background-size:auto;background-position:100% 100%;background-attachment:scroll;background-repeat:no-repeat;}@media all and (max-width: 1024px){.kb-row-layout-id347_bc0a6f-30 > .kt-row-column-wrap{grid-template-columns:repeat(2, minmax(0, 1fr));}}@media all and (max-width: 1024px){.kb-row-layout-id347_bc0a6f-30{border-bottom:2px solid #f4d1c3;}}@media all and (max-width: 767px){.kb-row-layout-id347_bc0a6f-30 > .kt-row-column-wrap{padding-top:60px;grid-template-columns:minmax(0, 1fr);}.kb-row-layout-id347_bc0a6f-30{border-bottom:2px solid #f4d1c3;}}<\/style><div class=\"kb-row-layout-wrap kb-row-layout-id347_bc0a6f-30 alignfull kt-row-has-bg block_home_contact wp-block-kadence-rowlayout\"><div class=\"kt-row-layout-overlay kt-row-overlay-normal\"><\/div><div class=\"kt-row-column-wrap kt-has-2-columns kt-row-layout-equal kt-tab-layout-inherit kt-mobile-layout-row kt-row-valign-top kt-inner-column-height-full\">\n<style>.kadence-column347_fcf6d4-3a > .kt-inside-inner-col{display:flex;}.kadence-column347_fcf6d4-3a > .kt-inside-inner-col,.kadence-column347_fcf6d4-3a > .kt-inside-inner-col:before{border-top-left-radius:0px;border-top-right-radius:0px;border-bottom-right-radius:0px;border-bottom-left-radius:0px;}.kadence-column347_fcf6d4-3a > .kt-inside-inner-col{column-gap:var(--global-kb-gap-sm, 1rem);}.kadence-column347_fcf6d4-3a > .kt-inside-inner-col{flex-direction:column;justify-content:center;}.kadence-column347_fcf6d4-3a > .kt-inside-inner-col > .aligncenter{width:100%;}.kt-row-column-wrap > .kadence-column347_fcf6d4-3a{align-self:center;}.kt-inner-column-height-full:not(.kt-has-1-columns) > .wp-block-kadence-column.kadence-column347_fcf6d4-3a{align-self:auto;}.kt-inner-column-height-full:not(.kt-has-1-columns) > .wp-block-kadence-column.kadence-column347_fcf6d4-3a > .kt-inside-inner-col{flex-direction:column;justify-content:center;}.kadence-column347_fcf6d4-3a > .kt-inside-inner-col:before{opacity:0.3;}.kadence-column347_fcf6d4-3a{position:relative;}@media all and (max-width: 1024px){.kt-row-column-wrap > .kadence-column347_fcf6d4-3a{align-self:center;}}@media all and (max-width: 1024px){.kt-inner-column-height-full:not(.kt-has-1-columns) > .wp-block-kadence-column.kadence-column347_fcf6d4-3a{align-self:auto;}}@media all and (max-width: 1024px){.kt-inner-column-height-full:not(.kt-has-1-columns) > .wp-block-kadence-column.kadence-column347_fcf6d4-3a > .kt-inside-inner-col{flex-direction:column;justify-content:center;}}@media all and (max-width: 1024px){.kadence-column347_fcf6d4-3a > .kt-inside-inner-col{flex-direction:column;justify-content:center;}}@media all and (max-width: 767px){.kt-row-column-wrap > .kadence-column347_fcf6d4-3a{align-self:center;}.kt-inner-column-height-full:not(.kt-has-1-columns) > .wp-block-kadence-column.kadence-column347_fcf6d4-3a{align-self:auto;}.kt-inner-column-height-full:not(.kt-has-1-columns) > .wp-block-kadence-column.kadence-column347_fcf6d4-3a > .kt-inside-inner-col{flex-direction:column;justify-content:center;}.kadence-column347_fcf6d4-3a > .kt-inside-inner-col{flex-direction:column;justify-content:center;}}<\/style>\n<div class=\"wp-block-kadence-column kadence-column347_fcf6d4-3a block_contact\"><div class=\"kt-inside-inner-col\">\n<h3 class=\"wp-block-heading h1 has-white-color has-text-color has-link-color wp-elements-db39d77210ab8c924c487364270b41e7\">Cl\u00ednica Ar\u00edzaga &amp; Ballestar<\/h3>\n\n\n\n<p class=\"has-white-color has-text-color has-link-color wp-elements-fe1c9b8284ceb6cc2b91970528a93315\">Cam\u00ed Ral 447, 08301 Matar\u00f3 (Barcelona)<br><strong>Tel\u00e9fono: <\/strong><a href=\"tel:34933803414\" data-type=\"tel\" data-id=\"tel:34933803414\">+34 93 380 34 14<\/a><br><strong>Correo electr\u00f3nico:<\/strong> <a href=\"mailto:hola@arizagaballestar.com\">hola@arizagaballestar.com<\/a><\/p>\n<\/div><\/div>\n\n\n<style>.kadence-column347_adf7fc-87 > .kt-inside-inner-col{display:flex;}.kadence-column347_adf7fc-87 > .kt-inside-inner-col,.kadence-column347_adf7fc-87 > .kt-inside-inner-col:before{border-top-left-radius:0px;border-top-right-radius:0px;border-bottom-right-radius:0px;border-bottom-left-radius:0px;}.kadence-column347_adf7fc-87 > .kt-inside-inner-col{column-gap:var(--global-kb-gap-sm, 1rem);}.kadence-column347_adf7fc-87 > .kt-inside-inner-col{flex-direction:column;justify-content:flex-end;}.kadence-column347_adf7fc-87 > .kt-inside-inner-col > .aligncenter{width:100%;}.kt-row-column-wrap > .kadence-column347_adf7fc-87{align-self:flex-end;}.kt-inner-column-height-full:not(.kt-has-1-columns) > .wp-block-kadence-column.kadence-column347_adf7fc-87{align-self:auto;}.kt-inner-column-height-full:not(.kt-has-1-columns) > .wp-block-kadence-column.kadence-column347_adf7fc-87 > .kt-inside-inner-col{flex-direction:column;justify-content:flex-end;}.kadence-column347_adf7fc-87 > .kt-inside-inner-col:before{opacity:0.3;}.kadence-column347_adf7fc-87{position:relative;}@media all and (max-width: 1024px){.kt-row-column-wrap > .kadence-column347_adf7fc-87{align-self:flex-end;}}@media all and (max-width: 1024px){.kt-inner-column-height-full:not(.kt-has-1-columns) > .wp-block-kadence-column.kadence-column347_adf7fc-87{align-self:auto;}}@media all and (max-width: 1024px){.kt-inner-column-height-full:not(.kt-has-1-columns) > .wp-block-kadence-column.kadence-column347_adf7fc-87 > .kt-inside-inner-col{flex-direction:column;justify-content:flex-end;}}@media all and (max-width: 1024px){.kadence-column347_adf7fc-87 > .kt-inside-inner-col{flex-direction:column;justify-content:flex-end;}}@media all and (max-width: 767px){.kt-row-column-wrap > .kadence-column347_adf7fc-87{align-self:flex-end;}.kt-inner-column-height-full:not(.kt-has-1-columns) > .wp-block-kadence-column.kadence-column347_adf7fc-87{align-self:auto;}.kt-inner-column-height-full:not(.kt-has-1-columns) > .wp-block-kadence-column.kadence-column347_adf7fc-87 > .kt-inside-inner-col{flex-direction:column;justify-content:flex-end;}.kadence-column347_adf7fc-87 > .kt-inside-inner-col{flex-direction:column;justify-content:flex-end;}}<\/style>\n<div class=\"wp-block-kadence-column kadence-column347_adf7fc-87 section_form\"><div class=\"kt-inside-inner-col\">\n<div class=\"wpcf7 no-js\" id=\"wpcf7-f384-o1\" lang=\"es-ES\" dir=\"ltr\" data-wpcf7-id=\"384\">\n<div class=\"screen-reader-response\"><p role=\"status\" aria-live=\"polite\" aria-atomic=\"true\"><\/p> <ul><\/ul><\/div>\n<form action=\"\/es\/wp-json\/wp\/v2\/pages\/347#wpcf7-f384-o1\" method=\"post\" class=\"wpcf7-form init\" aria-label=\"Formulario de contacto\" novalidate=\"novalidate\" data-status=\"init\">\n<fieldset class=\"hidden-fields-container\"><input type=\"hidden\" name=\"_wpcf7\" value=\"384\" \/><input type=\"hidden\" name=\"_wpcf7_version\" value=\"6.1.5\" \/><input type=\"hidden\" name=\"_wpcf7_locale\" value=\"es_ES\" \/><input type=\"hidden\" name=\"_wpcf7_unit_tag\" value=\"wpcf7-f384-o1\" \/><input type=\"hidden\" name=\"_wpcf7_container_post\" value=\"0\" \/><input type=\"hidden\" name=\"_wpcf7_posted_data_hash\" value=\"\" \/><input type=\"hidden\" name=\"_wpcf7_recaptcha_response\" value=\"\" \/>\n<\/fieldset>\n<h4>Formulario de contacto\n<\/h4>\n<p>\t\t<div id=\"cf7md-form\" class=\"cf7md-form\">\n\t\t\t<div class=\"mdc-layout-grid\">\n\t\t\t\t<div class=\"mdc-layout-grid__inner\">\n\t\t\t\t\t\t\t\t\t\t\n\t\t\n\t\t<div class=\"cf7md-item cf7md-text mdc-layout-grid__cell mdc-layout-grid__cell--span-6-desktop mdc-layout-grid__cell--span-4-tablet mdc-layout-grid__cell--span-4-phone\">\n\t\t\t<br \/>\n<label for=\"nombre\">Nombre y Apellidos<\/label><br \/>\n<span class=\"wpcf7-form-control-wrap\" data-name=\"your-name\"><input size=\"40\" maxlength=\"400\" class=\"wpcf7-form-control wpcf7-text wpcf7-validates-as-required\" id=\"nombre\" aria-required=\"true\" aria-invalid=\"false\" placeholder=\"\" value=\"\" type=\"text\" name=\"your-name\" \/><\/span><br \/>\n\t\t\t\t\t\t<div style=\"display: none;\" class=\"cf7md-text-html\">\n\t\t\t\t<div class=\"mdc-text-field \">\n\t\t\t\t\t\n\t\t\t\t\t\t\t\t\t\t\t<label class=\"mdc-floating-label\">Nombre y Apellidos<\/label>\n\t\t\t\t\t\t<div class=\"mdc-line-ripple\"><\/div>\n\t\t\t\t\t\t\t\t\t<\/div>\n\t\t\t<\/div>\n\t\t<\/div>\n\t\t\t\t\n\t\t<div class=\"cf7md-item cf7md-text mdc-layout-grid__cell mdc-layout-grid__cell--span-6-desktop mdc-layout-grid__cell--span-4-tablet mdc-layout-grid__cell--span-4-phone\">\n\t\t\t<br \/>\n<label for=\"email\">Correo electr\u00f3nico<\/label><br \/>\n<span class=\"wpcf7-form-control-wrap\" data-name=\"your-email\"><input size=\"40\" maxlength=\"400\" class=\"wpcf7-form-control wpcf7-email wpcf7-validates-as-required wpcf7-text wpcf7-validates-as-email\" id=\"email\" aria-required=\"true\" aria-invalid=\"false\" placeholder=\"\" value=\"\" type=\"email\" name=\"your-email\" \/><\/span><br \/>\n\t\t\t\t\t\t<div style=\"display: none;\" class=\"cf7md-text-html\">\n\t\t\t\t<div class=\"mdc-text-field \">\n\t\t\t\t\t\n\t\t\t\t\t\t\t\t\t\t\t<label class=\"mdc-floating-label\">Correo electr\u00f3nico<\/label>\n\t\t\t\t\t\t<div class=\"mdc-line-ripple\"><\/div>\n\t\t\t\t\t\t\t\t\t<\/div>\n\t\t\t<\/div>\n\t\t<\/div>\n\t\t\n\t\t<div class=\"cf7md-item cf7md-textarea mdc-layout-grid__cell mdc-layout-grid__cell--span-12-desktop mdc-layout-grid__cell--span-8-tablet mdc-layout-grid__cell--span-4-phone cf7md-textarea-autosize\">\n\t\t\t<br \/>\n<label for=\"mensaje\">Motivo de la consulta<\/label><br \/>\n<span class=\"wpcf7-form-control-wrap\" data-name=\"your-message\"><textarea cols=\"40\" rows=\"10\" maxlength=\"2000\" class=\"wpcf7-form-control wpcf7-textarea wpcf7-validates-as-required\" id=\"mensaje\" aria-required=\"true\" aria-invalid=\"false\" placeholder=\"\" name=\"your-message\"><\/textarea><\/span><br \/>\n\t\t\t\t\t\t<div style=\"display: none;\" class=\"cf7md-text-html\">\n\t\t\t\t<div class=\"mdc-text-field  mdc-text-field--textarea\">\n\t\t\t\t\t\t\t\t\t\t<div class=\"mdc-notched-outline\">\n\t\t\t\t\t\t<div class=\"mdc-notched-outline__leading\"><\/div>\n\t\t\t\t\t\t<div class=\"mdc-notched-outline__notch\">\n\t\t\t\t\t\t\t<label class=\"mdc-floating-label\">Motivo de la consulta<\/label>\n\t\t\t\t\t\t<\/div>\n\t\t\t\t\t\t<div class=\"mdc-notched-outline__trailing\"><\/div>\n\t\t\t\t\t<\/div>\n\t\t\t\t<\/div>\n\t\t\t<\/div>\n\t\t<\/div>\n\t\t\n<\/p>\n<p><span class=\"wpcf7-form-control-wrap\" data-name=\"acceptance-224\"><span class=\"wpcf7-form-control wpcf7-acceptance optional\"><span class=\"wpcf7-list-item\"><label><input type=\"checkbox\" name=\"acceptance-224\" value=\"1\" aria-invalid=\"false\" \/><span class=\"wpcf7-list-item-label\">He le\u00eddo y acepto <a href=\"https:\/\/gemmaballestar.com\/avis-legal\/\">el aviso legal<\/a> y <a href=\"https:\/\/gemmaballestar.com\/politica-de-privacitat\/\">Pol\u00edtica de privacidad<\/a><\/span><\/label><\/span><\/span><\/span>\n<\/p>\n<p>\t\t<div class=\"cf7md-item cf7md-submit mdc-layout-grid__cell mdc-layout-grid__cell--span-12-desktop mdc-layout-grid__cell--span-8-tablet mdc-layout-grid__cell--span-4-phone\" data-button-style=\"raised\">\n\t\t\t<br \/>\n<input class=\"wpcf7-form-control wpcf7-submit has-spinner\" type=\"submit\" value=\"Enviar\" \/><br \/>\n\t\t\t<svg class=\"cf7md-spinner\" width=\"25px\" height=\"25px\" viewBox=\"0 0 66 66\" xmlns=\"http:\/\/www.w3.org\/2000\/svg\">\n\t\t\t\t<circle class=\"cf7md-spinner-path\" fill=\"none\" stroke-width=\"6\" stroke-linecap=\"round\" cx=\"33\" cy=\"33\" r=\"30\"><\/circle>\n\t\t\t<\/svg>\n\t\t<\/div>\n\t\t<br \/>\n\t\t\t\t\t\t\t\t\t<\/div>\n\t\t\t<\/div>\n\t\t<\/div>\n\t\t\n<\/p><div class=\"wpcf7-response-output\" aria-hidden=\"true\"><\/div>\n<\/form>\n<\/div>\n\n<\/div><\/div>\n\n<\/div><\/div>","protected":false},"excerpt":{"rendered":"<p>Contacto Gemma Ballestar i Sempere Si tiene alguna consulta, puede escribirme a trav\u00e9s del formulario o contactarme por tel\u00e9fono, correo electr\u00f3nico o presencialmente en la Cl\u00ednica Arizaga Ballestar. Estar\u00e9 encantada de atenderte. Cl\u00ednica Ar\u00edzaga &amp; Ballestar Cam\u00ed Ral 447, 08301 Matar\u00f3 (Barcelona)Tel\u00e9fono: +34 93 380 34 14Correo electr\u00f3nico: hola@arizagaballestar.com<\/p>\n","protected":false},"author":2,"featured_media":0,"parent":0,"menu_order":0,"comment_status":"closed","ping_status":"closed","template":"templates\/template-builder.php","meta":{"inline_featured_image":false,"_kad_blocks_custom_css":"","_kad_blocks_head_custom_js":"","_kad_blocks_body_custom_js":"","_kad_blocks_footer_custom_js":"","footnotes":""},"class_list":["post-347","page","type-page","status-publish","hentry","post","without-featured-image"],"taxonomy_info":[],"featured_image_src_large":false,"author_info":{"display_name":"Ideamatic","author_link":"http:\/\/gemmaballestar.com\/es\/author\/idea_admin\/"},"comment_info":0,"_links":{"self":[{"href":"http:\/\/gemmaballestar.com\/es\/wp-json\/wp\/v2\/pages\/347","targetHints":{"allow":["GET"]}}],"collection":[{"href":"http:\/\/gemmaballestar.com\/es\/wp-json\/wp\/v2\/pages"}],"about":[{"href":"http:\/\/gemmaballestar.com\/es\/wp-json\/wp\/v2\/types\/page"}],"author":[{"embeddable":true,"href":"http:\/\/gemmaballestar.com\/es\/wp-json\/wp\/v2\/users\/2"}],"replies":[{"embeddable":true,"href":"http:\/\/gemmaballestar.com\/es\/wp-json\/wp\/v2\/comments?post=347"}],"version-history":[{"count":5,"href":"http:\/\/gemmaballestar.com\/es\/wp-json\/wp\/v2\/pages\/347\/revisions"}],"predecessor-version":[{"id":461,"href":"http:\/\/gemmaballestar.com\/es\/wp-json\/wp\/v2\/pages\/347\/revisions\/461"}],"wp:attachment":[{"href":"http:\/\/gemmaballestar.com\/es\/wp-json\/wp\/v2\/media?parent=347"}],"curies":[{"name":"wp","href":"https:\/\/api.w.org\/{rel}","templated":true}]}}